{"id":341,"date":"2025-12-11T17:34:49","date_gmt":"2025-12-11T17:34:49","guid":{"rendered":"https:\/\/painfreeclinic.no\/inicio\/"},"modified":"2026-02-08T20:04:28","modified_gmt":"2026-02-08T20:04:28","slug":"inicio","status":"publish","type":"page","link":"https:\/\/painfreeclinic.no\/es\/","title":{"rendered":"Inicio"},"content":{"rendered":"<div class=\"et_pb_section_0 et_pb_section et_section_regular et_flex_section\">\n<div class=\"et_pb_row_0 et_pb_row et_flex_row\">\n<div class=\"et_pb_column_0 et_pb_column et-last-child et_flex_column et_pb_css_mix_blend_mode_passthrough et_flex_column_24_24 et_flex_column_24_24_tablet et_flex_column_24_24_phone\">\n<div class=\"et_pb_slider_0 et_pb_slider et_pb_slider_fullwidth_off et_pb_module et_flex_module\"><div class=\"et_pb_slides\">\n<div class=\"et_pb_slide_0 et_pb_slide et_pb_media_alignment_center et_pb_bg_layout_dark\" data-slide-id=\"divi\/slide-0\"><div class=\"et_pb_container\"><div class=\"et_pb_slider_container_inner\"><div class=\"et_pb_slide_description et_flex_module\"><h2 class=\"et_pb_slide_title\"><a href=\"https:\/\/painfreeclinic.no\/es\/contacto\/\" target=\"\" class=\"et_pb_slide_title_link\">La terapia neural reduce el estr\u00e9s\n<\/a><\/h2><div class=\"et_pb_slide_content\"><p><span>- Manejo hol\u00edstico del dolor en un ambiente tranquilo<\/span><\/p>\n<\/div><div class=\"et_pb_button_wrapper\"><a class=\"et_pb_button et_pb_more_button\" href=\"https:\/\/painfreeclinic.no\/es\/contacto\/\">RESERVA DE CITA<\/a><\/div><\/div><\/div><\/div><\/div>\n\n<div class=\"et_pb_slide_1 et_pb_slide et_pb_media_alignment_center et_pb_bg_layout_dark\" data-slide-id=\"divi\/slide-1\"><div class=\"et_pb_container\"><div class=\"et_pb_slider_container_inner\"><div class=\"et_pb_slide_description et_flex_module\"><h2 class=\"et_pb_slide_title\"><a href=\"https:\/\/painfreeclinic.no\/es\/contacto\/\" target=\"\" class=\"et_pb_slide_title_link\">Terapia neural<\/a><\/h2><div class=\"et_pb_slide_content\"><p><span>- manejo del dolor con inyecciones de proca\u00edna<br \/>- una forma de tratamiento eficaz y segura<br \/><\/span><\/p>\n<\/div><div class=\"et_pb_button_wrapper\"><a class=\"et_pb_button et_pb_more_button\" href=\"https:\/\/painfreeclinic.no\/es\/contacto\/\">RESERVA DE CITA<\/a><\/div><\/div><\/div><\/div><\/div>\n\n<div class=\"et_pb_slide_2 et_pb_slide et_pb_media_alignment_center et_pb_bg_layout_dark\" data-slide-id=\"divi\/slide-2\"><div class=\"et_pb_container\"><div class=\"et_pb_slider_container_inner\"><div class=\"et_pb_slide_description et_flex_module\"><h2 class=\"et_pb_slide_title\"><a href=\"https:\/\/painfreeclinic.no\/es\/contacto\/\" target=\"\" class=\"et_pb_slide_title_link\">Sin dolor natural<\/a><\/h2><div class=\"et_pb_slide_content\"><p><span>- con terapia neural<br \/><\/span><\/p>\n<\/div><div class=\"et_pb_button_wrapper\"><a class=\"et_pb_button et_pb_more_button\" href=\"https:\/\/painfreeclinic.no\/es\/contacto\/\">RESERVA DE CITA<\/a><\/div><\/div><\/div><\/div><\/div>\n<\/div><\/div>\n<\/div>\n<\/div>\n<\/div>\n\n<div class=\"et_pb_section_1 et_pb_section et_section_regular et_flex_section\">\n<div class=\"et_pb_row_1 et_pb_row et_flex_row\">\n<div class=\"et_pb_column_1 et_pb_column et-last-child et_flex_column et_pb_css_mix_blend_mode_passthrough et_flex_column_24_24 et_flex_column_24_24_tablet et_flex_column_24_24_phone\">\n<div class=\"et_pb_group_0 et_pb_group et-last-child et_pb_module et_flex_group et_pb_css_mix_blend_mode_passthrough\">\n<div class=\"et_pb_heading_0 et_pb_heading et_pb_module et_flex_module\"><div class=\"et_pb_heading_container\"><h1 class=\"et_pb_module_header\">Terapia neural \u2013 un tratamiento hol\u00edstico del dolor<\/h1><\/div><\/div>\n\n<div class=\"et_pb_text_0 et_pb_text et_pb_bg_layout_light et_pb_module et_flex_module\"><div class=\"et_pb_text_inner\"><blockquote>\n<p><em>El dolor puede complicar la vida, pero hay ayuda.<\/em><\/p>\n<\/blockquote>\n<\/div><\/div>\n\n<div class=\"et_pb_text_1 et_pb_text et_pb_bg_layout_light et_pb_module et_flex_module\"><div class=\"et_pb_text_inner\"><p>La terapia neural es un m\u00e9todo m\u00e9dico utilizado en m\u00e1s de 30 pa\u00edses que se dirige a trastornos del sistema nervioso capaces de mantener el dolor y la funci\u00f3n reducida. A trav\u00e9s de inyecciones dirigidas de proca\u00edna, se estimulan los propios mecanismos reguladores del cuerpo, lo que puede proporcionar un alivio notable tanto en condiciones agudas como cr\u00f3nicas. PainFreeClinic est\u00e1 dirigida por el Dr. Michael Ballke, especialista en medicina general y terapia neural, que ofrece una evaluaci\u00f3n en profundidad, personalizaci\u00f3n individual y un enfoque hol\u00edstico para el manejo del dolor.  <\/p>\n<\/div><\/div>\n<\/div>\n<\/div>\n<\/div>\n<\/div>\n\n<div class=\"et_pb_section_2 et_pb_section et_section_regular et_flex_section\">\n<div class=\"et_pb_row_2 et_pb_row et_flex_row\">\n<div class=\"et_pb_column_2 et_pb_column et_flex_column et_pb_css_mix_blend_mode_passthrough et_flex_column_12_24 et_flex_column_12_24_tablet et_flex_column_24_24_phone\">\n<div class=\"et_pb_heading_1 et_pb_heading et_pb_module et_flex_module\"><div class=\"et_pb_heading_container\"><h2 class=\"et_pb_module_header\">\u00bfQu\u00e9 es la terapia neural?<\/h2><\/div><\/div>\n\n<div class=\"et_pb_text_2 et_pb_text et_pb_bg_layout_light et_pb_module et_flex_module\"><div class=\"et_pb_text_inner\"><p>La neuroterapia es un m\u00e9todo de tratamiento m\u00e9dico que se dirige a trastornos del sistema nervioso que pueden ser la causa tanto de dolor agudo como de larga duraci\u00f3n. El tratamiento consiste en peque\u00f1as inyecciones de anest\u00e9sico local (proca\u00edna) que afectan la regulaci\u00f3n del dolor, la circulaci\u00f3n sangu\u00ednea y el estr\u00e9s en el cuerpo. El objetivo es restaurar la funci\u00f3n normal y apoyar los propios procesos de curaci\u00f3n del cuerpo.  <\/p>\n<\/div><\/div>\n\n<div class=\"et_pb_blurb_0 et_pb_blurb et_pb_bg_layout_dark et_pb_blurb_position_top et_pb_module et_flex_module\"><div class=\"et_pb_blurb_content et_flex_module\"><div class=\"et_pb_main_blurb_image\"><span class=\"et_pb_image_wrap\"><span class=\"et-pb-icon\">N<\/span><\/span><\/div><div class=\"et_pb_blurb_container\"><h3 class=\"et_pb_module_header\">Manejo hol\u00edstico del dolor<\/h3><div class=\"et_pb_blurb_description\"><p>La terapia neural se centra en las causas de las condiciones de dolor y apoya los propios mecanismos reguladores del cuerpo.<\/p>\n<\/div><\/div><\/div><\/div>\n\n<div class=\"et_pb_blurb_1 et_pb_blurb et_pb_bg_layout_dark et_pb_blurb_position_top et_pb_module et_flex_module\"><div class=\"et_pb_blurb_content et_flex_module\"><div class=\"et_pb_main_blurb_image\"><span class=\"et_pb_image_wrap\"><span class=\"et-pb-icon\">N<\/span><\/span><\/div><div class=\"et_pb_blurb_container\"><h3 class=\"et_pb_module_header\">M\u00e9todo suave y dirigido<\/h3><div class=\"et_pb_blurb_description\"><p>Las inyecciones act\u00faan sobre los puntos de control del sistema nervioso y pueden reducir la irritaci\u00f3n y el dolor.<\/p>\n<\/div><\/div><\/div><\/div>\n\n<div class=\"et_pb_blurb_2 et_pb_blurb et_pb_bg_layout_dark et_pb_blurb_position_top et_pb_module et_flex_module\"><div class=\"et_pb_blurb_content et_flex_module\"><div class=\"et_pb_main_blurb_image\"><span class=\"et_pb_image_wrap\"><span class=\"et-pb-icon\">N<\/span><\/span><\/div><div class=\"et_pb_blurb_container\"><h3 class=\"et_pb_module_header\">Para dolor agudo y cr\u00f3nico<\/h3><div class=\"et_pb_blurb_description\"><p>Adecuado para pacientes que no han recibido una ayuda satisfactoria de un tratamiento tradicional.<\/p>\n<\/div><\/div><\/div><\/div>\n<\/div>\n\n<div class=\"et_pb_column_3 et_pb_column et-last-child et_flex_column et_pb_css_mix_blend_mode_passthrough et_flex_column_12_24 et_flex_column_12_24_tablet et_flex_column_24_24_phone\">\n<div class=\"et_pb_heading_2 et_pb_heading et_pb_module et_flex_module\"><div class=\"et_pb_heading_container\"><h2 class=\"et_pb_module_header\">Acerca de PainFreeClinic\n<\/h2><\/div><\/div>\n\n<div class=\"et_pb_text_3 et_pb_text et_pb_bg_layout_light et_pb_module et_flex_module\"><div class=\"et_pb_text_inner\"><p>PainFreeClinic est\u00e1 ubicada en Sandefjord Health Park y est\u00e1 dirigida por el Dr. Michael Ballke, especialista en medicina general y especialista en terapia neural. El Dr. Ballke trabaja en el manejo del dolor desde 2013 y tiene una amplia experiencia tanto en dolor agudo como cr\u00f3nico. <\/p>\n<\/div><\/div>\n\n<div class=\"et_pb_image_0 et_pb_image et_pb_module et_flex_module\"><span class=\"et_pb_image_wrap\"><img decoding=\"async\" src=\"https:\/\/painfreeclinic.no\/wp-content\/uploads\/2025\/12\/michael-balke.webp\" title=\"michael-balke\" width=\"760\" height=\"570\" srcset=\"https:\/\/painfreeclinic.no\/wp-content\/uploads\/2025\/12\/michael-balke.webp 760w, https:\/\/painfreeclinic.no\/wp-content\/uploads\/2025\/12\/michael-balke-480x360.webp 480w\" sizes=\"(min-width: 0px) and (max-width: 480px) 480px, (min-width: 481px) 760px, 100vw\" class=\"wp-image-189\" \/><\/span><\/div>\n<\/div>\n<\/div>\n<\/div>\n\n<div class=\"et_pb_section_3 et_pb_section et_section_regular et_flex_section\">\n<div class=\"et_pb_row_3 et_pb_row et_flex_row\">\n<div class=\"et_pb_column_4 et_pb_column et-last-child et_flex_column et_pb_css_mix_blend_mode_passthrough et_flex_column_24_24 et_flex_column_24_24_tablet et_flex_column_24_24_phone\">\n<div class=\"et_pb_heading_3 et_pb_heading et_pb_module et_flex_module\"><div class=\"et_pb_heading_container\"><h2 class=\"et_pb_module_header\">\u00daltimas novedades de actualidad<\/h2><\/div><\/div>\n<\/div>\n<\/div>\n\n<div class=\"et_pb_row_4 et_pb_row et_flex_row\"><div class=\"et_pb_column_5 et_pb_column et_flex_column et_pb_css_mix_blend_mode_passthrough et_flex_column_12_24 et_flex_column_12_24_tablet et_flex_column_24_24_phone\" data-loop-item=\"0\">\n<div class=\"et_pb_image_1 et_pb_image et_pb_module et_flex_module\"><span class=\"et_pb_image_wrap\"><img decoding=\"async\" src=\"https:\/\/painfreeclinic.no\/wp-content\/uploads\/2018\/10\/temabilde-nevralterapi-painfree-clinic.jpg\" alt=\"La terapia neural como manejo del dolor: PainFree Clinic Sandefjord\" title=\"Tema imagen-terapia neural-cl\u00ednica sin dolor\" width=\"1000\" height=\"600\" srcset=\"https:\/\/painfreeclinic.no\/wp-content\/uploads\/2018\/10\/temabilde-nevralterapi-painfree-clinic.jpg 1000w, https:\/\/painfreeclinic.no\/wp-content\/uploads\/2018\/10\/temabilde-nevralterapi-painfree-clinic-980x588.jpg 980w, https:\/\/painfreeclinic.no\/wp-content\/uploads\/2018\/10\/temabilde-nevralterapi-painfree-clinic-480x288.jpg 480w\" sizes=\"(min-width: 0px) and (max-width: 480px) 480px, (min-width: 481px) and (max-width: 980px) 980px, (min-width: 981px) 1000px, 100vw\" class=\"wp-image-43\" \/><\/span><\/div>\n\n<div class=\"et_pb_group_1 et_pb_group et_pb_module et_flex_group et_pb_css_mix_blend_mode_passthrough\">\n<div class=\"et_pb_heading_4 et_pb_heading et_pb_module et_flex_module\"><div class=\"et_pb_heading_container\"><h2 class=\"et_pb_module_header\">La terapia neural como manejo del dolor<\/h2><\/div><\/div>\n\n<div class=\"et_pb_text_4 et_pb_text et_pb_bg_layout_light et_pb_module et_flex_module\"><div class=\"et_pb_text_inner\"><p>La terapia neural traducida directamente significa \u00abtratamiento del sistema nervioso\u00bb. Los practicantes de la neuroterapia creen que la enfermedad es causada principalmente por el sistema nervioso, y en particular por el sistema nervioso aut\u00f3nomo.  El sistema nervioso aut\u00f3nomo es el v\u00ednculo m\u00e1s importante entre el cuerpo y el alma.<\/p>\n<\/div><\/div>\n<\/div>\n\n<div class=\"et_pb_group_2 et_pb_group et-last-child et_pb_module et_flex_group et_pb_css_mix_blend_mode_passthrough\">\n<div class=\"et_pb_module et_pb_button_module_wrapper et_pb_button_0_wrapper\"><a class=\"et_pb_button_0 et_pb_button et_pb_bg_layout_light et_pb_module et_flex_module\" href=\"https:\/\/painfreeclinic.no\/es\/la-terapia-neural-como-manejo-del-dolor\/\">LEER M\u00c1S<\/a><\/div>\n<\/div>\n<\/div><div class=\"et_pb_column_6 et_pb_column et_flex_column et_pb_css_mix_blend_mode_passthrough et_flex_column_12_24 et_flex_column_12_24_tablet et_flex_column_24_24_phone\" data-loop-item=\"1\">\n<div class=\"et_pb_image_2 et_pb_image et_pb_module et_flex_module\"><span class=\"et_pb_image_wrap\"><img decoding=\"async\" src=\"https:\/\/painfreeclinic.no\/wp-content\/uploads\/2018\/10\/temabilde-nevralterapi-prokain-painfree-clinic.jpg\" alt=\"Por qu\u00e9 Proca\u00edna: Terapia Neural: Cl\u00ednica PainFree Sandefjord\" title=\"Tema imagen-terapia neural-proca\u00edna-cl\u00ednica-sin dolor\" width=\"1000\" height=\"600\" srcset=\"https:\/\/painfreeclinic.no\/wp-content\/uploads\/2018\/10\/temabilde-nevralterapi-prokain-painfree-clinic.jpg 1000w, https:\/\/painfreeclinic.no\/wp-content\/uploads\/2018\/10\/temabilde-nevralterapi-prokain-painfree-clinic-980x588.jpg 980w, https:\/\/painfreeclinic.no\/wp-content\/uploads\/2018\/10\/temabilde-nevralterapi-prokain-painfree-clinic-480x288.jpg 480w\" sizes=\"(min-width: 0px) and (max-width: 480px) 480px, (min-width: 481px) and (max-width: 980px) 980px, (min-width: 981px) 1000px, 100vw\" class=\"wp-image-44\" \/><\/span><\/div>\n\n<div class=\"et_pb_group_3 et_pb_group et_pb_module et_flex_group et_pb_css_mix_blend_mode_passthrough\">\n<div class=\"et_pb_heading_5 et_pb_heading et_pb_module et_flex_module\"><div class=\"et_pb_heading_container\"><h2 class=\"et_pb_module_header\">\u00bfPor qu\u00e9 proca\u00edna?<\/h2><\/div><\/div>\n\n<div class=\"et_pb_text_5 et_pb_text et_pb_bg_layout_light et_pb_module et_flex_module\"><div class=\"et_pb_text_inner\"><p>La proca\u00edna mejora la circulaci\u00f3n sangu\u00ednea, o como dicen los m\u00e9dicos: act\u00faa vasodilatatoriamente (dilatando). Dado que la proca\u00edna se ha utilizado durante m\u00e1s de 100 a\u00f1os para tratar pacientes en todo el mundo, se puede decir que es uno de los f\u00e1rmacos sobre los que los m\u00e9dicos tienen m\u00e1s conocimiento. <\/p>\n<\/div><\/div>\n<\/div>\n\n<div class=\"et_pb_group_4 et_pb_group et-last-child et_pb_module et_flex_group et_pb_css_mix_blend_mode_passthrough\">\n<div class=\"et_pb_module et_pb_button_module_wrapper et_pb_button_1_wrapper\"><a class=\"et_pb_button_1 et_pb_button et_pb_bg_layout_light et_pb_module et_flex_module\" href=\"https:\/\/painfreeclinic.no\/es\/por-que-procaina\/\">LEER M\u00c1S<\/a><\/div>\n<\/div>\n<\/div><div class=\"et_pb_column_7 et_pb_column et_flex_column et_pb_css_mix_blend_mode_passthrough et_flex_column_12_24 et_flex_column_12_24_tablet et_flex_column_24_24_phone\" data-loop-item=\"2\">\n<div class=\"et_pb_image_3 et_pb_image et_pb_module et_flex_module\"><span class=\"et_pb_image_wrap\"><img decoding=\"async\" src=\"https:\/\/painfreeclinic.no\/wp-content\/uploads\/2018\/10\/Dr-Michael-Ballke-1024x614.webp\" title=\"Dr. Michael-Ballke\" width=\"1024\" height=\"614\" srcset=\"https:\/\/painfreeclinic.no\/wp-content\/uploads\/2018\/10\/Dr-Michael-Ballke-980x588.webp 980w, https:\/\/painfreeclinic.no\/wp-content\/uploads\/2018\/10\/Dr-Michael-Ballke-480x288.webp 480w\" sizes=\"(min-width: 0px) and (max-width: 480px) 480px, (min-width: 481px) and (max-width: 980px) 980px, (min-width: 981px) 1024px, 100vw\" class=\"wp-image-218\" \/><\/span><\/div>\n\n<div class=\"et_pb_group_5 et_pb_group et_pb_module et_flex_group et_pb_css_mix_blend_mode_passthrough\">\n<div class=\"et_pb_heading_6 et_pb_heading et_pb_module et_flex_module\"><div class=\"et_pb_heading_container\"><h2 class=\"et_pb_module_header\">Sobre el Dr. Michael Ballke<\/h2><\/div><\/div>\n\n<div class=\"et_pb_text_6 et_pb_text et_pb_bg_layout_light et_pb_module et_flex_module\"><div class=\"et_pb_text_inner\"><p>El Dr. Michael Ballke es especialista en neuroterapia y en medicina general. Ballke creci\u00f3 en la antigua ciudad hanse\u00e1tica y universitaria de Greifswald, en el mar B\u00e1ltico. Estudi\u00f3 medicina en las universidades de Greifswald y Rostock, donde obtuvo su t\u00edtulo de cl\u00ednico en 1998.  <\/p>\n<\/div><\/div>\n<\/div>\n\n<div class=\"et_pb_group_6 et_pb_group et-last-child et_pb_module et_flex_group et_pb_css_mix_blend_mode_passthrough\">\n<div class=\"et_pb_module et_pb_button_module_wrapper et_pb_button_2_wrapper\"><a class=\"et_pb_button_2 et_pb_button et_pb_bg_layout_light et_pb_module et_flex_module\" href=\"https:\/\/painfreeclinic.no\/es\/sobre-el-dr-michael-ballke\/\">LEER M\u00c1S<\/a><\/div>\n<\/div>\n<\/div><div class=\"et_pb_column_8 et_pb_column et-last-child et_flex_column et_pb_css_mix_blend_mode_passthrough et_flex_column_12_24 et_flex_column_12_24_tablet et_flex_column_24_24_phone\" data-loop-item=\"3\">\n<div class=\"et_pb_image_4 et_pb_image et_pb_module et_flex_module\"><span class=\"et_pb_image_wrap\"><img decoding=\"async\" src=\"https:\/\/painfreeclinic.no\/wp-content\/uploads\/2018\/10\/temabilde-forskning-painfree-clinic.jpg\" alt=\"Investigaci\u00f3n y enlaces: Terapia neural: PainFree Clinic Sandefjord\" title=\"Tema-imagen-investigaci\u00f3n-cl\u00ednica-sin dolor\" width=\"1000\" height=\"600\" srcset=\"https:\/\/painfreeclinic.no\/wp-content\/uploads\/2018\/10\/temabilde-forskning-painfree-clinic.jpg 1000w, https:\/\/painfreeclinic.no\/wp-content\/uploads\/2018\/10\/temabilde-forskning-painfree-clinic-980x588.jpg 980w, https:\/\/painfreeclinic.no\/wp-content\/uploads\/2018\/10\/temabilde-forskning-painfree-clinic-480x288.jpg 480w\" sizes=\"(min-width: 0px) and (max-width: 480px) 480px, (min-width: 481px) and (max-width: 980px) 980px, (min-width: 981px) 1000px, 100vw\" class=\"wp-image-42\" \/><\/span><\/div>\n\n<div class=\"et_pb_group_7 et_pb_group et_pb_module et_flex_group et_pb_css_mix_blend_mode_passthrough\">\n<div class=\"et_pb_heading_7 et_pb_heading et_pb_module et_flex_module\"><div class=\"et_pb_heading_container\"><h2 class=\"et_pb_module_header\">Investigaci\u00f3n y v\u00ednculos<\/h2><\/div><\/div>\n\n<div class=\"et_pb_text_7 et_pb_text et_pb_bg_layout_light et_pb_module et_flex_module\"><div class=\"et_pb_text_inner\"><p>La terapia neural es una terapia de inyecci\u00f3n con anestesia local realizada por m\u00e9dicos y dentistas. La terapia se practica en m\u00e1s de 30 pa\u00edses de todo el mundo y es m\u00e1s extendida en Alemania, Suiza y Austria, donde m\u00e1s de 30.000 m\u00e9dicos y dentistas realizan diversas formas de tratamiento de terapia neural.   <\/p>\n<\/div><\/div>\n<\/div>\n\n<div class=\"et_pb_group_8 et_pb_group et-last-child et_pb_module et_flex_group et_pb_css_mix_blend_mode_passthrough\">\n<div class=\"et_pb_module et_pb_button_module_wrapper et_pb_button_3_wrapper\"><a class=\"et_pb_button_3 et_pb_button et_pb_bg_layout_light et_pb_module et_flex_module\" href=\"https:\/\/painfreeclinic.no\/es\/investigacion-y-vinculos\/\">LEER M\u00c1S<\/a><\/div>\n<\/div>\n<\/div><\/div>\n<\/div>\n\n<div class=\"et_pb_section_4 et_pb_section et_section_regular et_flex_section\">\n<div class=\"et_pb_row_5 et_pb_row et_flex_row\">\n<div class=\"et_pb_column_9 et_pb_column et-last-child et_flex_column et_pb_css_mix_blend_mode_passthrough et_flex_column_24_24 et_flex_column_24_24_tablet et_flex_column_24_24_phone\">\n<div class=\"et_pb_slider_1 et_pb_slider et_pb_slider_fullwidth_off et_pb_module et_flex_module\"><div class=\"et_pb_slides\">\n<div class=\"et_pb_slide_3 et_pb_slide et_pb_media_alignment_center et_pb_bg_layout_dark\" data-slide-id=\"divi\/slide-3\"><div class=\"et_pb_container\"><div class=\"et_pb_slider_container_inner\"><div class=\"et_pb_slide_description et_flex_module\"><h2 class=\"et_pb_slide_title\">Tuve much\u00edsima suerte<\/h2><div class=\"et_pb_slide_content\"><p><span>\u00a1Tuve la suerte de venir como paciente contigo, Dr. Balke! El tratamiento con inyecciones me ha ayudado much\u00edsimo, y eres un m\u00e9dico fant\u00e1stico que escucha, explica y ve a la persona en su totalidad. Estoy profundamente agradecido por todo lo que has hecho: mi vida se ha vuelto mucho m\u00e1s f\u00e1cil. \u00a1Suspiro, deber\u00eda haber m\u00e1s m\u00e9dicos como t\u00fa!   <\/p>\n<p><\/span><\/p>\n<div class=\"n2-ss-layer n2-ow n-uc-lnI3zkBgkeQD\" data-pm=\"normal\" data-sstype=\"layer\">\n<div id=\"n2-ss-3item2\" class=\"n2-font-95af6d2fd9c4536a10bf83e133d8d66e-hover n2-ss-item-content n2-ss-text n2-ow\">Judith M<\/div>\n<\/div>\n<div class=\"n2-ss-layer n2-ow n-uc-3iSZkXPPvpdi\" data-pm=\"normal\" data-sstype=\"layer\">\n<div id=\"n2-ss-3item3\" class=\"n2-font-d4708042402f437cf79f7f6b51db73f9-hover n2-ss-item-content n2-ss-text n2-ow\">PACIENTE<\/div>\n<\/div>\n<p><span><\/span><\/p>\n<\/div><\/div><\/div><\/div><\/div>\n\n<div class=\"et_pb_slide_4 et_pb_slide et_pb_media_alignment_center et_pb_bg_layout_dark\" data-slide-id=\"divi\/slide-4\"><div class=\"et_pb_container\"><div class=\"et_pb_slider_container_inner\"><div class=\"et_pb_slide_description et_flex_module\"><h2 class=\"et_pb_slide_title\">\u00a1La terapia neural es una forma de tratamiento eficaz y segura!<\/h2><div class=\"et_pb_slide_content\"><div class=\"n2-ss-layer n2-ow n-uc-1vbYego2tTRL\" data-pm=\"normal\" data-sstype=\"layer\">\n<div id=\"n2-ss-3item5\" class=\"n2-font-95af6d2fd9c4536a10bf83e133d8d66e-hover n2-ss-item-content n2-ss-text n2-ow\">Dr. Michael Ballke<\/div>\n<\/div>\n<div class=\"n2-ss-layer n2-ow n-uc-kaS5NfPuUexY\" data-pm=\"normal\" data-sstype=\"layer\">\n<div id=\"n2-ss-3item6\" class=\"n2-font-d4708042402f437cf79f7f6b51db73f9-hover n2-ss-item-content n2-ss-text n2-ow\">NEUROTERAPEUTA<\/div>\n<\/div>\n<\/div><\/div><\/div><\/div><\/div>\n\n<div class=\"et_pb_slide_5 et_pb_slide et_pb_media_alignment_center et_pb_bg_layout_dark\" data-slide-id=\"divi\/slide-5\"><div class=\"et_pb_container\"><div class=\"et_pb_slider_container_inner\"><div class=\"et_pb_slide_description et_flex_module\"><h2 class=\"et_pb_slide_title\">Naturalmente indolora con la terapia neural<\/h2><div class=\"et_pb_slide_content\"><div class=\"n2-ss-layer n2-ow n-uc-1vbYego2tTRL\" data-pm=\"normal\" data-sstype=\"layer\">\n<div id=\"n2-ss-3item5\" class=\"n2-font-95af6d2fd9c4536a10bf83e133d8d66e-hover n2-ss-item-content n2-ss-text n2-ow\">Dr. Michael Ballke<\/div>\n<\/div>\n<div class=\"n2-ss-layer n2-ow n-uc-kaS5NfPuUexY\" data-pm=\"normal\" data-sstype=\"layer\">\n<div id=\"n2-ss-3item6\" class=\"n2-font-d4708042402f437cf79f7f6b51db73f9-hover n2-ss-item-content n2-ss-text n2-ow\">NEUROTERAPEUTA<\/div>\n<\/div>\n<\/div><\/div><\/div><\/div><\/div>\n\n<div class=\"et_pb_slide_6 et_pb_slide et_pb_media_alignment_center et_pb_bg_layout_dark\" data-slide-id=\"divi\/slide-6\"><div class=\"et_pb_container\"><div class=\"et_pb_slider_container_inner\"><div class=\"et_pb_slide_description et_flex_module\"><h2 class=\"et_pb_slide_title\">La neuroterapia se practica en m\u00e1s de 30 pa\u00edses de todo el mundo.<\/h2><div class=\"et_pb_slide_content\"><div class=\"n2-ss-layer n2-ow n-uc-1vbYego2tTRL\" data-pm=\"normal\" data-sstype=\"layer\">\n<div id=\"n2-ss-3item5\" class=\"n2-font-95af6d2fd9c4536a10bf83e133d8d66e-hover n2-ss-item-content n2-ss-text n2-ow\">Dr. Michael Ballke<\/div>\n<\/div>\n<div class=\"n2-ss-layer n2-ow n-uc-kaS5NfPuUexY\" data-pm=\"normal\" data-sstype=\"layer\">\n<div id=\"n2-ss-3item6\" class=\"n2-font-d4708042402f437cf79f7f6b51db73f9-hover n2-ss-item-content n2-ss-text n2-ow\">NEUROTERAPEUTA<\/div>\n<\/div>\n<\/div><\/div><\/div><\/div><\/div>\n\n<div class=\"et_pb_slide_7 et_pb_slide et_pb_media_alignment_center et_pb_bg_layout_dark\" data-slide-id=\"divi\/slide-7\"><div class=\"et_pb_container\"><div class=\"et_pb_slider_container_inner\"><div class=\"et_pb_slide_description et_flex_module\"><h2 class=\"et_pb_slide_title\">La terapia neural reduce el estr\u00e9s y se realiza en un ambiente tranquilo.<\/h2><div class=\"et_pb_slide_content\"><div class=\"n2-ss-layer n2-ow n-uc-1vbYego2tTRL\" data-pm=\"normal\" data-sstype=\"layer\">\n<div id=\"n2-ss-3item5\" class=\"n2-font-95af6d2fd9c4536a10bf83e133d8d66e-hover n2-ss-item-content n2-ss-text n2-ow\">Dr. Michael Ballke<\/div>\n<\/div>\n<div class=\"n2-ss-layer n2-ow n-uc-kaS5NfPuUexY\" data-pm=\"normal\" data-sstype=\"layer\">\n<div id=\"n2-ss-3item6\" class=\"n2-font-d4708042402f437cf79f7f6b51db73f9-hover n2-ss-item-content n2-ss-text n2-ow\">NEUROTERAPEUTA<\/div>\n<\/div>\n<\/div><\/div><\/div><\/div><\/div>\n\n<div class=\"et_pb_slide_8 et_pb_slide et_pb_media_alignment_center et_pb_bg_layout_dark\" data-slide-id=\"divi\/slide-8\"><div class=\"et_pb_container\"><div class=\"et_pb_slider_container_inner\"><div class=\"et_pb_slide_description et_flex_module\"><h2 class=\"et_pb_slide_title\">\"El cerebro es el \u00f3rgano m\u00e1s poderoso del cuerpo\"<\/h2><div class=\"et_pb_slide_content\"><div class=\"n2-ss-layer n2-ow n-uc-1vbYego2tTRL\" data-pm=\"normal\" data-sstype=\"layer\">\n<div id=\"n2-ss-3item5\" class=\"n2-font-95af6d2fd9c4536a10bf83e133d8d66e-hover n2-ss-item-content n2-ss-text n2-ow\"><span>Hip\u00f3crates<\/span><\/div>\n<\/div>\n<div class=\"n2-ss-layer n2-ow n-uc-kaS5NfPuUexY\" data-pm=\"normal\" data-sstype=\"layer\">\n<div id=\"n2-ss-3item6\" class=\"n2-font-d4708042402f437cf79f7f6b51db73f9-hover n2-ss-item-content n2-ss-text n2-ow\"><span>EL PADRE DE LA MEDICINA<\/span><\/div>\n<\/div>\n<\/div><\/div><\/div><\/div><\/div>\n<\/div><\/div>\n<\/div>\n<\/div>\n<\/div>","protected":false},"excerpt":{"rendered":"","protected":false},"author":1,"featured_media":0,"parent":0,"menu_order":0,"comment_status":"closed","ping_status":"closed","template":"","meta":{"footnotes":""},"class_list":["post-341","page","type-page","status-publish","hentry"],"_hostinger_reach_plugin_has_subscription_block":false,"_hostinger_reach_plugin_is_elementor":false,"_links":{"self":[{"href":"https:\/\/painfreeclinic.no\/es\/wp-json\/wp\/v2\/pages\/341","targetHints":{"allow":["GET"]}}],"collection":[{"href":"https:\/\/painfreeclinic.no\/es\/wp-json\/wp\/v2\/pages"}],"about":[{"href":"https:\/\/painfreeclinic.no\/es\/wp-json\/wp\/v2\/types\/page"}],"author":[{"embeddable":true,"href":"https:\/\/painfreeclinic.no\/es\/wp-json\/wp\/v2\/users\/1"}],"replies":[{"embeddable":true,"href":"https:\/\/painfreeclinic.no\/es\/wp-json\/wp\/v2\/comments?post=341"}],"version-history":[{"count":4,"href":"https:\/\/painfreeclinic.no\/es\/wp-json\/wp\/v2\/pages\/341\/revisions"}],"predecessor-version":[{"id":446,"href":"https:\/\/painfreeclinic.no\/es\/wp-json\/wp\/v2\/pages\/341\/revisions\/446"}],"wp:attachment":[{"href":"https:\/\/painfreeclinic.no\/es\/wp-json\/wp\/v2\/media?parent=341"}],"curies":[{"name":"wp","href":"https:\/\/api.w.org\/{rel}","templated":true}]}}