{"id":331,"date":"2025-12-11T19:10:29","date_gmt":"2025-12-11T19:10:29","guid":{"rendered":"https:\/\/painfreeclinic.no\/noticias\/"},"modified":"2026-02-05T12:42:25","modified_gmt":"2026-02-05T12:42:25","slug":"noticias","status":"publish","type":"page","link":"https:\/\/painfreeclinic.no\/es\/noticias\/","title":{"rendered":"Noticias"},"content":{"rendered":"<div class=\"et_pb_section_0 et_pb_section et_section_regular et_flex_section\">\n<div class=\"et_pb_row_0 et_pb_row et_flex_row\">\n<div class=\"et_pb_column_0 et_pb_column et-last-child et_flex_column et_pb_css_mix_blend_mode_passthrough et_flex_column_24_24 et_flex_column_24_24_tablet et_flex_column_24_24_phone\">\n<div class=\"et_pb_heading_0 et_pb_heading et_pb_module et_flex_module\"><div class=\"et_pb_heading_container\"><h1 class=\"et_pb_module_header\">Noticias de PainFreeClinic<\/h1><\/div><\/div>\n<\/div>\n<\/div>\n<\/div>\n\n<div class=\"et_pb_section_1 et_pb_section et_section_regular et_flex_section\">\n<div class=\"et_pb_row_1 et_pb_row et_flex_row\">\n<div class=\"et_pb_column_1 et_pb_column et-last-child et_flex_column et_pb_css_mix_blend_mode_passthrough et_flex_column_24_24 et_flex_column_24_24_tablet et_flex_column_24_24_phone\">\n<div class=\"et_pb_text_0 et_pb_text et_pb_bg_layout_light et_pb_module et_flex_module\"><div class=\"et_pb_text_inner\"><p><strong>Actualizaciones de la cl\u00ednica y conocimientos profesionales sobre terapia neural y manejo del dolor.<\/strong><br \/>Compartimos conocimientos, experiencias y nuevas investigaciones que pueden ofrecerte una visi\u00f3n m\u00e1s clara de c\u00f3mo funciona la terapia neural y a qui\u00e9n puede ayudar el tratamiento.<\/p>\n<\/div><\/div>\n<\/div>\n<\/div>\n<\/div>\n\n<div class=\"et_pb_section_2 et_pb_section et_section_regular et_flex_section\">\n<div class=\"et_pb_row_2 et_pb_row et_flex_row\"><div class=\"et_pb_column_2 et_pb_column et_flex_column et_pb_css_mix_blend_mode_passthrough et_flex_column_12_24 et_flex_column_12_24_tablet et_flex_column_24_24_phone\" data-loop-item=\"0\">\n<div class=\"et_pb_image_0 et_pb_image et_pb_module et_flex_module\"><span class=\"et_pb_image_wrap\"><img decoding=\"async\" src=\"https:\/\/painfreeclinic.no\/wp-content\/uploads\/2018\/10\/temabilde-nevralterapi-painfree-clinic.jpg\" alt=\"La terapia neural como manejo del dolor: PainFree Clinic Sandefjord\" title=\"Tema imagen-terapia neural-cl\u00ednica sin dolor\" width=\"1000\" height=\"600\" srcset=\"https:\/\/painfreeclinic.no\/wp-content\/uploads\/2018\/10\/temabilde-nevralterapi-painfree-clinic.jpg 1000w, https:\/\/painfreeclinic.no\/wp-content\/uploads\/2018\/10\/temabilde-nevralterapi-painfree-clinic-980x588.jpg 980w, https:\/\/painfreeclinic.no\/wp-content\/uploads\/2018\/10\/temabilde-nevralterapi-painfree-clinic-480x288.jpg 480w\" sizes=\"(min-width: 0px) and (max-width: 480px) 480px, (min-width: 481px) and (max-width: 980px) 980px, (min-width: 981px) 1000px, 100vw\" class=\"wp-image-43\" \/><\/span><\/div>\n\n<div class=\"et_pb_group_0 et_pb_group et_pb_module et_flex_group et_pb_css_mix_blend_mode_passthrough\">\n<div class=\"et_pb_heading_1 et_pb_heading et_pb_module et_flex_module\"><div class=\"et_pb_heading_container\"><h2 class=\"et_pb_module_header\">La terapia neural como manejo del dolor<\/h2><\/div><\/div>\n\n<div class=\"et_pb_text_1 et_pb_text et_pb_bg_layout_light et_pb_module et_flex_module\"><div class=\"et_pb_text_inner\"><p>La terapia neural traducida directamente significa \u00abtratamiento del sistema nervioso\u00bb. Los practicantes de la neuroterapia creen que la enfermedad es causada principalmente por el sistema nervioso, y en particular por el sistema nervioso aut\u00f3nomo.  El sistema nervioso aut\u00f3nomo es el v\u00ednculo m\u00e1s importante entre el cuerpo y el alma.<\/p>\n<\/div><\/div>\n<\/div>\n\n<div class=\"et_pb_group_1 et_pb_group et-last-child et_pb_module et_flex_group et_pb_css_mix_blend_mode_passthrough\">\n<div class=\"et_pb_module et_pb_button_module_wrapper et_pb_button_0_wrapper\"><a class=\"et_pb_button_0 et_pb_button et_pb_bg_layout_light et_pb_module et_flex_module\" href=\"https:\/\/painfreeclinic.no\/es\/la-terapia-neural-como-manejo-del-dolor\/\">LEER M\u00c1S<\/a><\/div>\n<\/div>\n<\/div><div class=\"et_pb_column_3 et_pb_column et_flex_column et_pb_css_mix_blend_mode_passthrough et_flex_column_12_24 et_flex_column_12_24_tablet et_flex_column_24_24_phone\" data-loop-item=\"1\">\n<div class=\"et_pb_image_1 et_pb_image et_pb_module et_flex_module\"><span class=\"et_pb_image_wrap\"><img decoding=\"async\" src=\"https:\/\/painfreeclinic.no\/wp-content\/uploads\/2018\/10\/temabilde-nevralterapi-prokain-painfree-clinic.jpg\" alt=\"Por qu\u00e9 Proca\u00edna: Terapia Neural: Cl\u00ednica PainFree Sandefjord\" title=\"Tema imagen-terapia neural-proca\u00edna-cl\u00ednica-sin dolor\" width=\"1000\" height=\"600\" srcset=\"https:\/\/painfreeclinic.no\/wp-content\/uploads\/2018\/10\/temabilde-nevralterapi-prokain-painfree-clinic.jpg 1000w, https:\/\/painfreeclinic.no\/wp-content\/uploads\/2018\/10\/temabilde-nevralterapi-prokain-painfree-clinic-980x588.jpg 980w, https:\/\/painfreeclinic.no\/wp-content\/uploads\/2018\/10\/temabilde-nevralterapi-prokain-painfree-clinic-480x288.jpg 480w\" sizes=\"(min-width: 0px) and (max-width: 480px) 480px, (min-width: 481px) and (max-width: 980px) 980px, (min-width: 981px) 1000px, 100vw\" class=\"wp-image-44\" \/><\/span><\/div>\n\n<div class=\"et_pb_group_2 et_pb_group et_pb_module et_flex_group et_pb_css_mix_blend_mode_passthrough\">\n<div class=\"et_pb_heading_2 et_pb_heading et_pb_module et_flex_module\"><div class=\"et_pb_heading_container\"><h2 class=\"et_pb_module_header\">\u00bfPor qu\u00e9 proca\u00edna?<\/h2><\/div><\/div>\n\n<div class=\"et_pb_text_2 et_pb_text et_pb_bg_layout_light et_pb_module et_flex_module\"><div class=\"et_pb_text_inner\"><p>La proca\u00edna mejora la circulaci\u00f3n sangu\u00ednea, o como dicen los m\u00e9dicos: act\u00faa vasodilatatoriamente (dilatando). Dado que la proca\u00edna se ha utilizado durante m\u00e1s de 100 a\u00f1os para tratar pacientes en todo el mundo, se puede decir que es uno de los f\u00e1rmacos sobre los que los m\u00e9dicos tienen m\u00e1s conocimiento. <\/p>\n<\/div><\/div>\n<\/div>\n\n<div class=\"et_pb_group_3 et_pb_group et-last-child et_pb_module et_flex_group et_pb_css_mix_blend_mode_passthrough\">\n<div class=\"et_pb_module et_pb_button_module_wrapper et_pb_button_1_wrapper\"><a class=\"et_pb_button_1 et_pb_button et_pb_bg_layout_light et_pb_module et_flex_module\" href=\"https:\/\/painfreeclinic.no\/es\/por-que-procaina\/\">LEER M\u00c1S<\/a><\/div>\n<\/div>\n<\/div><div class=\"et_pb_column_4 et_pb_column et_flex_column et_pb_css_mix_blend_mode_passthrough et_flex_column_12_24 et_flex_column_12_24_tablet et_flex_column_24_24_phone\" data-loop-item=\"2\">\n<div class=\"et_pb_image_2 et_pb_image et_pb_module et_flex_module\"><span class=\"et_pb_image_wrap\"><img decoding=\"async\" src=\"https:\/\/painfreeclinic.no\/wp-content\/uploads\/2018\/10\/Dr-Michael-Ballke-1024x614.webp\" title=\"Dr. Michael-Ballke\" width=\"1024\" height=\"614\" srcset=\"https:\/\/painfreeclinic.no\/wp-content\/uploads\/2018\/10\/Dr-Michael-Ballke-980x588.webp 980w, https:\/\/painfreeclinic.no\/wp-content\/uploads\/2018\/10\/Dr-Michael-Ballke-480x288.webp 480w\" sizes=\"(min-width: 0px) and (max-width: 480px) 480px, (min-width: 481px) and (max-width: 980px) 980px, (min-width: 981px) 1024px, 100vw\" class=\"wp-image-218\" \/><\/span><\/div>\n\n<div class=\"et_pb_group_4 et_pb_group et_pb_module et_flex_group et_pb_css_mix_blend_mode_passthrough\">\n<div class=\"et_pb_heading_3 et_pb_heading et_pb_module et_flex_module\"><div class=\"et_pb_heading_container\"><h2 class=\"et_pb_module_header\">Sobre el Dr. Michael Ballke<\/h2><\/div><\/div>\n\n<div class=\"et_pb_text_3 et_pb_text et_pb_bg_layout_light et_pb_module et_flex_module\"><div class=\"et_pb_text_inner\"><p>El Dr. Michael Ballke es especialista en neuroterapia y en medicina general. Ballke creci\u00f3 en la antigua ciudad hanse\u00e1tica y universitaria de Greifswald, en el mar B\u00e1ltico. Estudi\u00f3 medicina en las universidades de Greifswald y Rostock, donde obtuvo su t\u00edtulo de cl\u00ednico en 1998.  <\/p>\n<\/div><\/div>\n<\/div>\n\n<div class=\"et_pb_group_5 et_pb_group et-last-child et_pb_module et_flex_group et_pb_css_mix_blend_mode_passthrough\">\n<div class=\"et_pb_module et_pb_button_module_wrapper et_pb_button_2_wrapper\"><a class=\"et_pb_button_2 et_pb_button et_pb_bg_layout_light et_pb_module et_flex_module\" href=\"https:\/\/painfreeclinic.no\/es\/sobre-el-dr-michael-ballke\/\">LEER M\u00c1S<\/a><\/div>\n<\/div>\n<\/div><div class=\"et_pb_column_5 et_pb_column et-last-child et_flex_column et_pb_css_mix_blend_mode_passthrough et_flex_column_12_24 et_flex_column_12_24_tablet et_flex_column_24_24_phone\" data-loop-item=\"3\">\n<div class=\"et_pb_image_3 et_pb_image et_pb_module et_flex_module\"><span class=\"et_pb_image_wrap\"><img decoding=\"async\" src=\"https:\/\/painfreeclinic.no\/wp-content\/uploads\/2018\/10\/temabilde-forskning-painfree-clinic.jpg\" alt=\"Investigaci\u00f3n y enlaces: Terapia neural: PainFree Clinic Sandefjord\" title=\"Tema-imagen-investigaci\u00f3n-cl\u00ednica-sin dolor\" width=\"1000\" height=\"600\" srcset=\"https:\/\/painfreeclinic.no\/wp-content\/uploads\/2018\/10\/temabilde-forskning-painfree-clinic.jpg 1000w, https:\/\/painfreeclinic.no\/wp-content\/uploads\/2018\/10\/temabilde-forskning-painfree-clinic-980x588.jpg 980w, https:\/\/painfreeclinic.no\/wp-content\/uploads\/2018\/10\/temabilde-forskning-painfree-clinic-480x288.jpg 480w\" sizes=\"(min-width: 0px) and (max-width: 480px) 480px, (min-width: 481px) and (max-width: 980px) 980px, (min-width: 981px) 1000px, 100vw\" class=\"wp-image-42\" \/><\/span><\/div>\n\n<div class=\"et_pb_group_6 et_pb_group et_pb_module et_flex_group et_pb_css_mix_blend_mode_passthrough\">\n<div class=\"et_pb_heading_4 et_pb_heading et_pb_module et_flex_module\"><div class=\"et_pb_heading_container\"><h2 class=\"et_pb_module_header\">Investigaci\u00f3n y v\u00ednculos<\/h2><\/div><\/div>\n\n<div class=\"et_pb_text_4 et_pb_text et_pb_bg_layout_light et_pb_module et_flex_module\"><div class=\"et_pb_text_inner\"><p>La terapia neural es una terapia de inyecci\u00f3n con anestesia local realizada por m\u00e9dicos y dentistas. La terapia se practica en m\u00e1s de 30 pa\u00edses de todo el mundo y es m\u00e1s extendida en Alemania, Suiza y Austria, donde m\u00e1s de 30.000 m\u00e9dicos y dentistas realizan diversas formas de tratamiento de terapia neural.   <\/p>\n<\/div><\/div>\n<\/div>\n\n<div class=\"et_pb_group_7 et_pb_group et-last-child et_pb_module et_flex_group et_pb_css_mix_blend_mode_passthrough\">\n<div class=\"et_pb_module et_pb_button_module_wrapper et_pb_button_3_wrapper\"><a class=\"et_pb_button_3 et_pb_button et_pb_bg_layout_light et_pb_module et_flex_module\" href=\"https:\/\/painfreeclinic.no\/es\/investigacion-y-vinculos\/\">LEER M\u00c1S<\/a><\/div>\n<\/div>\n<\/div><\/div>\n<\/div>","protected":false},"excerpt":{"rendered":"","protected":false},"author":1,"featured_media":0,"parent":0,"menu_order":0,"comment_status":"closed","ping_status":"closed","template":"","meta":{"footnotes":""},"class_list":["post-331","page","type-page","status-publish","hentry"],"_hostinger_reach_plugin_has_subscription_block":false,"_hostinger_reach_plugin_is_elementor":false,"_links":{"self":[{"href":"https:\/\/painfreeclinic.no\/es\/wp-json\/wp\/v2\/pages\/331","targetHints":{"allow":["GET"]}}],"collection":[{"href":"https:\/\/painfreeclinic.no\/es\/wp-json\/wp\/v2\/pages"}],"about":[{"href":"https:\/\/painfreeclinic.no\/es\/wp-json\/wp\/v2\/types\/page"}],"author":[{"embeddable":true,"href":"https:\/\/painfreeclinic.no\/es\/wp-json\/wp\/v2\/users\/1"}],"replies":[{"embeddable":true,"href":"https:\/\/painfreeclinic.no\/es\/wp-json\/wp\/v2\/comments?post=331"}],"version-history":[{"count":4,"href":"https:\/\/painfreeclinic.no\/es\/wp-json\/wp\/v2\/pages\/331\/revisions"}],"predecessor-version":[{"id":439,"href":"https:\/\/painfreeclinic.no\/es\/wp-json\/wp\/v2\/pages\/331\/revisions\/439"}],"wp:attachment":[{"href":"https:\/\/painfreeclinic.no\/es\/wp-json\/wp\/v2\/media?parent=331"}],"curies":[{"name":"wp","href":"https:\/\/api.w.org\/{rel}","templated":true}]}}